{"id":19,"date":"2015-10-15T14:50:55","date_gmt":"2015-10-15T14:50:55","guid":{"rendered":"http:\/\/wpoffice\/construction\/?page_id=9"},"modified":"2021-01-14T14:30:28","modified_gmt":"2021-01-14T14:30:28","slug":"home","status":"publish","type":"page","link":"https:\/\/levatudo.com.br\/","title":{"rendered":"Home"},"content":{"rendered":"<\/div><\/div><\/div><!-- close content main div --><\/div><\/div><div id='full_slider_1' class='avia-fullwidth-slider main_color avia-shadow   container_wrap sidebar_right'   ><div  data-size='featured_large'  data-lightbox_size='large'  data-animation='fade'  data-ids='302,306,298'  data-video_counter='0'  data-autoplay='true'  data-bg_slider='false'  data-slide_height=''  data-handle='av_slideshow_full'  data-interval='5'  data-class=' '  data-css_id=''  data-scroll_down=''  data-control_layout='av-control-minimal'  data-custom_markup=''  data-perma_caption=''  data-autoplay_stopper=''  data-image_attachment=''  data-min_height='0px'  data-src=''  data-position='top left'  data-repeat='no-repeat'  data-attach='scroll'  data-stretch=''  data-default-height='42'  class='avia-slideshow avia-slideshow-1  av-control-minimal av-default-height-applied avia-slideshow-featured_large av_slideshow_full   avia-fade-slider '  itemscope=\"itemscope\" itemtype=\"https:\/\/schema.org\/ImageObject\" ><ul class='avia-slideshow-inner' style='padding-bottom: 37.988165680473%;'><li  class=' slide-1 ' ><div data-rel='slideshow-1' class='avia-slide-wrap'  ><img src='https:\/\/levatudo.com.br\/wp-content\/uploads\/2021\/01\/14.png' width='845' height='321' title='14' alt=''  itemprop=\"thumbnailUrl\"   \/><div class='av-section-color-overlay' style='opacity: 0.2; background-color: #000000; '><\/div><\/div><\/li><li  class=' slide-2 ' ><div data-rel='slideshow-1' class='avia-slide-wrap'  ><img src='https:\/\/levatudo.com.br\/wp-content\/uploads\/2021\/01\/3-1.png' width='845' height='321' title='3' alt=''  itemprop=\"thumbnailUrl\"   \/><\/div><\/li><li  class=' slide-3 ' ><div data-rel='slideshow-1' class='avia-slide-wrap'  ><img src='https:\/\/levatudo.com.br\/wp-content\/uploads\/2021\/01\/8.png' width='845' height='321' title='8' alt=''  itemprop=\"thumbnailUrl\"   \/><div class='av-section-color-overlay' style='opacity: 0.5; background-color: #000000; '><\/div><\/div><\/li><\/ul><div class='avia-slideshow-arrows avia-slideshow-controls'><a href='#prev' class='prev-slide' aria-hidden='true' data-av_icon='\ue87c' data-av_iconfont='entypo-fontello'>Anterior<\/a><a href='#next' class='next-slide' aria-hidden='true' data-av_icon='\ue87d' data-av_iconfont='entypo-fontello'>Pr\u00f3ximo<\/a><\/div><div class='avia-slideshow-dots avia-slideshow-controls'><a href='#1' class='goto-slide active' >1<\/a><a href='#2' class='goto-slide ' >2<\/a><a href='#3' class='goto-slide ' >3<\/a><\/div><\/div><\/div>\n<\/div><\/div><\/div><!-- close content main div --><\/div><\/div><div id='av_section_1' class='avia-section main_color avia-section-default avia-no-border-styling avia-full-stretch av-parallax-section avia-bg-style-parallax   container_wrap sidebar_right' style = 'background-color: #f47215; ' data-section-bg-repeat='stretch' ><div class='av-parallax' data-avia-parallax-ratio='0.3' ><div class='av-parallax-inner main_color  avia-full-stretch' style = 'background-color: #f47215; background-repeat: no-repeat; background-image: url(https:\/\/levatudo.com.br\/wp-content\/uploads\/2015\/10\/house-wire-model-fade-white-1500x1085.png); background-attachment: scroll; background-position: center right; ' ><\/div><\/div><div class='container' ><div class='template-page content  av-content-small alpha units'><div class='post-entry post-entry-type-page post-entry-19'><div class='entry-content-wrapper clearfix'>\n<div class='flex_column_table av-equal-height-column-flextable -flextable' ><div class=\"flex_column av_three_fourth  av-animated-generic left-to-right  flex_column_table_cell av-equal-height-column av-align-middle av-zero-column-padding first  \" style='border-radius:0px; '><div style='padding-bottom:0px;color:#ffffff;font-size:30px;' class='av-special-heading av-special-heading-h3 custom-color-heading blockquote modern-quote  av-inherit-size '><h3 class='av-special-heading-tag '  itemprop=\"headline\"  >Contamos com as mais qualificadas certifica\u00e7\u00f5es para a presta\u00e7\u00e3o dos nossos servi\u00e7os.<\/h3><div class='special-heading-border'><div class='special-heading-inner-border' style='border-color:#ffffff'><\/div><\/div><\/div><\/div><\/div><!--close column table wrapper. Autoclose: 1 --><div class='flex_column_table av-equal-height-column-flextable -flextable' ><div class='av-flex-placeholder'><\/div><div class=\"flex_column av_one_fourth  av-animated-generic right-to-left  flex_column_table_cell av-equal-height-column av-align-middle av-zero-column-padding   \" style='border-radius:0px; '><div class='avia-button-wrap avia-button-right '><a href='https:\/\/levatudo.com.br\/index.php\/contato\/' class='avia-button   avia-icon_select-no avia-color-light avia-size-large avia-position-right '   ><span class='avia_iconbox_title' >ENTRE EM CONTATO<\/span><\/a><\/div><\/div><\/div><!--close column table wrapper. Autoclose: 1 -->\n<\/div><\/div><\/div><!-- close content main div --><\/div><\/div><div id='after_section_1' class='main_color av_default_container_wrap container_wrap sidebar_right'   ><div class='container' ><div class='template-page content  av-content-small alpha units'><div class='post-entry post-entry-type-page post-entry-19'><div class='entry-content-wrapper clearfix'>\n<\/div><\/div><\/div><!-- close content main div --><\/div><\/div><div id='av_section_2' class='avia-section main_color avia-section-large avia-no-border-styling avia-bg-style-scroll   container_wrap sidebar_right'   ><div class='container' ><div class='template-page content  av-content-small alpha units'><div class='post-entry post-entry-type-page post-entry-19'><div class='entry-content-wrapper clearfix'>\n<div style='padding-bottom:0px;' class='av-special-heading av-special-heading-h2  blockquote modern-quote modern-centered   '><h2 class='av-special-heading-tag '  itemprop=\"headline\"  >Nossas Certifica\u00e7\u00f5es<\/h2><div class='special-heading-border'><div class='special-heading-inner-border' ><\/div><\/div><\/div>\n<div style=' margin-top:5px; margin-bottom:35px;'  class='hr hr-custom hr-center hr-icon-no  '><span class='hr-inner   inner-border-av-border-fat' style=' width:50px; border-color:#f47215;' ><span class='hr-inner-style'><\/span><\/span><\/div>\n<div style='height:50px' class='hr hr-invisible  '><span class='hr-inner ' ><span class='hr-inner-style'><\/span><\/span><\/div>\n<div class=\"flex_column av_one_fourth  av-animated-generic bottom-to-top  flex_column_div av-zero-column-padding first  \" style='border-radius:0px; '><p><div class='avia-image-container  av-styling-no-styling    avia-align-center '  itemscope=\"itemscope\" itemtype=\"https:\/\/schema.org\/ImageObject\"  ><div class='avia-image-container-inner'><a href='https:\/\/levatudo.com.br\/index.php\/servicos\/gerenciamento-de-residuos\/' class='avia_image'  ><img class='avia_image ' src='https:\/\/levatudo.com.br\/wp-content\/uploads\/2021\/01\/4-300x163.png' alt='' title=''  itemprop=\"thumbnailUrl\"  \/><\/a><\/div><\/div><br \/>\n<div style='padding-bottom:0px;' class='av-special-heading av-special-heading-h3  blockquote modern-quote   '><h3 class='av-special-heading-tag '  itemprop=\"headline\"  >SASSMAQ<\/h3><div class='special-heading-border'><div class='special-heading-inner-border' ><\/div><\/div><\/div><br \/>\n<div style=' margin-top:10px; margin-bottom:10px;'  class='hr hr-custom hr-left hr-icon-no  '><span class='hr-inner   inner-border-av-border-fat' style=' width:50px; border-color:#f47215;' ><span class='hr-inner-style'><\/span><\/span><\/div><br \/>\n<section class=\"av_textblock_section \"  itemscope=\"itemscope\" itemtype=\"https:\/\/schema.org\/CreativeWork\" ><div class='avia_textblock  '   itemprop=\"text\" ><p>Sistema de Avalia\u00e7\u00e3o de Seguran\u00e7a, Sa\u00fade, Meio Ambiente e Qualidade pela Bureau Veritas.<\/p>\n<\/div><\/section><\/p><\/div><div class=\"flex_column av_one_fourth  av-animated-generic bottom-to-top  flex_column_div av-zero-column-padding   \" style='border-radius:0px; '><p><div class='avia-image-container  av-styling-no-styling    avia-align-center '  itemscope=\"itemscope\" itemtype=\"https:\/\/schema.org\/ImageObject\"  ><div class='avia-image-container-inner'><a href='https:\/\/levatudo.com.br\/index.php\/servicos\/transporte-de-residuos\/' class='avia_image'  ><img class='avia_image ' src='https:\/\/levatudo.com.br\/wp-content\/uploads\/2021\/01\/1-300x163.png' alt='' title='1'  itemprop=\"thumbnailUrl\"  \/><\/a><\/div><\/div><br \/>\n<div style='padding-bottom:0px;' class='av-special-heading av-special-heading-h3  blockquote modern-quote   '><h3 class='av-special-heading-tag '  itemprop=\"headline\"  >ANTT<\/h3><div class='special-heading-border'><div class='special-heading-inner-border' ><\/div><\/div><\/div><br \/>\n<div style=' margin-top:10px; margin-bottom:10px;'  class='hr hr-custom hr-left hr-icon-no  '><span class='hr-inner   inner-border-av-border-fat' style=' width:50px; border-color:#f47215;' ><span class='hr-inner-style'><\/span><\/span><\/div><br \/>\n<section class=\"av_textblock_section \"  itemscope=\"itemscope\" itemtype=\"https:\/\/schema.org\/CreativeWork\" ><div class='avia_textblock  '   itemprop=\"text\" ><p>Somos uma empresa credenciada e licenciada ANTT.<\/p>\n<\/div><\/section><\/p><\/div><div class=\"flex_column av_one_fourth  av-animated-generic bottom-to-top  flex_column_div av-zero-column-padding   \" style='border-radius:0px; '><p><div class='avia-image-container  av-styling-no-styling    avia-align-center '  itemscope=\"itemscope\" itemtype=\"https:\/\/schema.org\/ImageObject\"  ><div class='avia-image-container-inner'><img class='avia_image ' src='https:\/\/levatudo.com.br\/wp-content\/uploads\/2021\/01\/3-300x163.png' alt='' title=''   itemprop=\"thumbnailUrl\"  \/><\/div><\/div><br \/>\n<div style='padding-bottom:0px;' class='av-special-heading av-special-heading-h3  blockquote modern-quote   '><h3 class='av-special-heading-tag '  itemprop=\"headline\"  >FEPAM<\/h3><div class='special-heading-border'><div class='special-heading-inner-border' ><\/div><\/div><\/div><br \/>\n<div style=' margin-top:10px; margin-bottom:10px;'  class='hr hr-custom hr-left hr-icon-no  '><span class='hr-inner   inner-border-av-border-fat' style=' width:50px; border-color:#f47215;' ><span class='hr-inner-style'><\/span><\/span><\/div><br \/>\n<section class=\"av_textblock_section \"  itemscope=\"itemscope\" itemtype=\"https:\/\/schema.org\/CreativeWork\" ><div class='avia_textblock  '   itemprop=\"text\" ><p>Somos credenciados junto a FEPAM.<\/p>\n<\/div><\/section><\/p><\/div><div class=\"flex_column av_one_fourth  av-animated-generic bottom-to-top  flex_column_div av-zero-column-padding   \" style='border-radius:0px; '><p><div class='avia-image-container  av-styling-no-styling    avia-align-center '  itemscope=\"itemscope\" itemtype=\"https:\/\/schema.org\/ImageObject\"  ><div class='avia-image-container-inner'><a href='https:\/\/levatudo.com.br\/index.php\/servicos\/transporte-de-residuos\/' class='avia_image'  ><img class='avia_image ' src='https:\/\/levatudo.com.br\/wp-content\/uploads\/2021\/01\/2-300x163.png' alt='' title=''  itemprop=\"thumbnailUrl\"  \/><\/a><\/div><\/div><br \/>\n<div style='padding-bottom:0px;' class='av-special-heading av-special-heading-h3  blockquote modern-quote   '><h3 class='av-special-heading-tag '  itemprop=\"headline\"  >IBAMA<\/h3><div class='special-heading-border'><div class='special-heading-inner-border' ><\/div><\/div><\/div><br \/>\n<div style=' margin-top:10px; margin-bottom:10px;'  class='hr hr-custom hr-left hr-icon-no  '><span class='hr-inner   inner-border-av-border-fat' style=' width:50px; border-color:#f47215;' ><span class='hr-inner-style'><\/span><\/span><\/div><br \/>\n<section class=\"av_textblock_section \"  itemscope=\"itemscope\" itemtype=\"https:\/\/schema.org\/CreativeWork\" ><div class='avia_textblock  '   itemprop=\"text\" ><p>Contamos com credenciamento junto ao IBAMA.<\/p>\n<\/div><\/section><\/p><\/div>\n<\/div><\/div><\/div><!-- close content main div --><\/div><\/div><div id='after_section_2' class='main_color av_default_container_wrap container_wrap sidebar_right'   ><div class='container' ><div class='template-page content  av-content-small alpha units'><div class='post-entry post-entry-type-page post-entry-19'><div class='entry-content-wrapper clearfix'>\n<\/div><\/div><\/div><!-- close content main div --><\/div><\/div><div id='av_section_3' class='avia-section alternate_color avia-section-large avia-no-border-styling av-parallax-section avia-bg-style-parallax   container_wrap sidebar_right'  data-section-bg-repeat='no-repeat' ><div class='av-parallax' data-avia-parallax-ratio='0.3' ><div class='av-parallax-inner alternate_color  avia-full-stretch' style = 'background-repeat: no-repeat; background-image: url(https:\/\/levatudo.com.br\/wp-content\/uploads\/2015\/10\/house-wire-model-fade-white-1500x1085.png); background-attachment: scroll; background-position: top left; ' ><\/div><\/div><div class='container' ><div class='template-page content  av-content-small alpha units'><div class='post-entry post-entry-type-page post-entry-19'><div class='entry-content-wrapper clearfix'>\n<div style='padding-bottom:0px;' class='av-special-heading av-special-heading-h2  blockquote modern-quote modern-centered   '><h2 class='av-special-heading-tag '  itemprop=\"headline\"  >Por que nos escolher?<\/h2><div class='special-heading-border'><div class='special-heading-inner-border' ><\/div><\/div><\/div>\n<div style=' margin-top:5px; margin-bottom:35px;'  class='hr hr-custom hr-center hr-icon-no  '><span class='hr-inner   inner-border-av-border-fat' style=' width:50px; border-color:#f47215;' ><span class='hr-inner-style'><\/span><\/span><\/div>\n<div class=\"flex_column av_one_third  av-animated-generic bottom-to-top  flex_column_div av-zero-column-padding first  \" style='border-radius:0px; '><article class=\"iconbox iconbox_left_content    \"  itemscope=\"itemscope\" itemtype=\"https:\/\/schema.org\/CreativeWork\" ><div class=\"iconbox_icon heading-color \" aria-hidden='true' data-av_icon='\ue8c9' data-av_iconfont='entypo-fontello'  ><\/div><div class=\"iconbox_content\"><header class=\"entry-content-header\"><h3 class='iconbox_content_title '  itemprop=\"headline\"  >EQUIPE TREINADA E QUALIFICADA<\/h3><\/header><div class='iconbox_content_container  '  itemprop=\"text\"  ><p>Mantemos nossa equipe constantemente treinada.<\/p>\n<\/div><\/div><footer class=\"entry-footer\"><\/footer><\/article><\/div><div class=\"flex_column av_one_third  av-animated-generic bottom-to-top  flex_column_div av-zero-column-padding   \" style='border-radius:0px; '><article class=\"iconbox iconbox_left_content    \"  itemscope=\"itemscope\" itemtype=\"https:\/\/schema.org\/CreativeWork\" ><div class=\"iconbox_icon heading-color \" aria-hidden='true' data-av_icon='\ue8de' data-av_iconfont='entypo-fontello'  ><\/div><div class=\"iconbox_content\"><header class=\"entry-content-header\"><h3 class='iconbox_content_title '  itemprop=\"headline\"  >ATENDIMENTO R\u00c1PIDO, SEGURO E EFICAZ<\/h3><\/header><div class='iconbox_content_container  '  itemprop=\"text\"  ><p>Contamos com plant\u00e3o para emerg\u00eancias.<\/p>\n<\/div><\/div><footer class=\"entry-footer\"><\/footer><\/article><\/div><div class=\"flex_column av_one_third  av-animated-generic bottom-to-top  flex_column_div av-zero-column-padding   \" style='border-radius:0px; '><article class=\"iconbox iconbox_left_content    \"  itemscope=\"itemscope\" itemtype=\"https:\/\/schema.org\/CreativeWork\" ><div class=\"iconbox_icon heading-color \" aria-hidden='true' data-av_icon='\ue812' data-av_iconfont='entypo-fontello'  ><\/div><div class=\"iconbox_content\"><header class=\"entry-content-header\"><h3 class='iconbox_content_title '  itemprop=\"headline\"  >CORRETA DESTINA\u00c7\u00c3O FINAL<\/h3><\/header><div class='iconbox_content_container  '  itemprop=\"text\"  ><p>Somos certificados para a correta destina\u00e7\u00e3o dos res\u00edduos.<\/p>\n<\/div><\/div><footer class=\"entry-footer\"><\/footer><\/article><\/div>\n<\/div><\/div><\/div><!-- close content main div --><\/div><\/div><div id='after_section_3' class='main_color av_default_container_wrap container_wrap sidebar_right'   ><div class='container' ><div class='template-page content  av-content-small alpha units'><div class='post-entry post-entry-type-page post-entry-19'><div class='entry-content-wrapper clearfix'>\n<\/div><\/div><\/div><!-- close content main div --><\/div><\/div><div id='av_section_4' class='avia-section main_color avia-section-large avia-no-border-styling avia-bg-style-scroll   container_wrap sidebar_right'   ><div class='container' ><div class='template-page content  av-content-small alpha units'><div class='post-entry post-entry-type-page post-entry-19'><div class='entry-content-wrapper clearfix'>\n<div style='padding-bottom:0px;' class='av-special-heading av-special-heading-h2  blockquote modern-quote modern-centered   '><h2 class='av-special-heading-tag '  itemprop=\"headline\"  >Nossos Servi\u00e7os<\/h2><div class='special-heading-border'><div class='special-heading-inner-border' ><\/div><\/div><\/div>\n<div style=' margin-top:5px; margin-bottom:35px;'  class='hr hr-custom hr-center hr-icon-no  '><span class='hr-inner   inner-border-av-border-fat' style=' width:50px; border-color:#f47215;' ><span class='hr-inner-style'><\/span><\/span><\/div>\n<div style='height:50px' class='hr hr-invisible  '><span class='hr-inner ' ><span class='hr-inner-style'><\/span><\/span><\/div>\n<div class=\"flex_column av_one_third  av-animated-generic bottom-to-top  flex_column_div av-zero-column-padding first  \" style='border-radius:0px; '><p><div class='avia-image-container  av-styling-no-styling    avia-align-center '  itemscope=\"itemscope\" itemtype=\"https:\/\/schema.org\/ImageObject\"  ><div class='avia-image-container-inner'><a href='https:\/\/levatudo.com.br\/index.php\/servicos\/atendimento-a-emergencias-ambientais\/' class='avia_image'  ><img class='avia_image ' src='https:\/\/levatudo.com.br\/wp-content\/uploads\/2021\/01\/5-300x114.png' alt='' title='5'  itemprop=\"thumbnailUrl\"  \/><\/a><\/div><\/div><br \/>\n<div style='padding-bottom:0px;' class='av-special-heading av-special-heading-h3  blockquote modern-quote   '><h3 class='av-special-heading-tag '  itemprop=\"headline\"  >Destina\u00e7\u00e3o Final de Res\u00edduos<\/h3><div class='special-heading-border'><div class='special-heading-inner-border' ><\/div><\/div><\/div><br \/>\n<div style=' margin-top:10px; margin-bottom:10px;'  class='hr hr-custom hr-left hr-icon-no  '><span class='hr-inner   inner-border-av-border-fat' style=' width:50px; border-color:#f47215;' ><span class='hr-inner-style'><\/span><\/span><\/div><br \/>\n<section class=\"av_textblock_section \"  itemscope=\"itemscope\" itemtype=\"https:\/\/schema.org\/CreativeWork\" ><div class='avia_textblock  '   itemprop=\"text\" ><p>A Leva Tudo Transportes opera com parceiros licenciados, onde confere a destina\u00e7\u00e3o correta e segura.<\/p>\n<\/div><\/section><\/p><\/div><div class=\"flex_column av_one_third  av-animated-generic bottom-to-top  flex_column_div av-zero-column-padding   \" style='border-radius:0px; '><p><div class='avia-image-container  av-styling-no-styling    avia-align-center '  itemscope=\"itemscope\" itemtype=\"https:\/\/schema.org\/ImageObject\"  ><div class='avia-image-container-inner'><a href='https:\/\/levatudo.com.br\/index.php\/servicos\/gerenciamento-de-residuos\/' class='avia_image'  ><img class='avia_image ' src='https:\/\/levatudo.com.br\/wp-content\/uploads\/2021\/01\/4-1-300x114.png' alt='' title='4'  itemprop=\"thumbnailUrl\"  \/><\/a><\/div><\/div><br \/>\n<div style='padding-bottom:0px;' class='av-special-heading av-special-heading-h3  blockquote modern-quote   '><h3 class='av-special-heading-tag '  itemprop=\"headline\"  >Atendimento \u00e0 Emerg\u00eancias Ambientais<\/h3><div class='special-heading-border'><div class='special-heading-inner-border' ><\/div><\/div><\/div><br \/>\n<div style=' margin-top:10px; margin-bottom:10px;'  class='hr hr-custom hr-left hr-icon-no  '><span class='hr-inner   inner-border-av-border-fat' style=' width:50px; border-color:#f47215;' ><span class='hr-inner-style'><\/span><\/span><\/div><br \/>\n<section class=\"av_textblock_section \"  itemscope=\"itemscope\" itemtype=\"https:\/\/schema.org\/CreativeWork\" ><div class='avia_textblock  '   itemprop=\"text\" ><p>Contamos com equipamentos e colaboradores altamente capacitados, possu\u00edmos experi\u00eancias em emergenciais ambientais.<\/p>\n<\/div><\/section><\/p><\/div><div class=\"flex_column av_one_third  av-animated-generic bottom-to-top  flex_column_div av-zero-column-padding   \" style='border-radius:0px; '><p><div class='avia-image-container  av-styling-no-styling    avia-align-center '  itemscope=\"itemscope\" itemtype=\"https:\/\/schema.org\/ImageObject\"  ><div class='avia-image-container-inner'><a href='https:\/\/levatudo.com.br\/index.php\/servicos\/transporte-de-residuos\/' class='avia_image'  ><img class='avia_image ' src='https:\/\/levatudo.com.br\/wp-content\/uploads\/2021\/01\/7-300x114.png' alt='' title='7'  itemprop=\"thumbnailUrl\"  \/><\/a><\/div><\/div><br \/>\n<div style='padding-bottom:0px;' class='av-special-heading av-special-heading-h3  blockquote modern-quote   '><h3 class='av-special-heading-tag '  itemprop=\"headline\"  >Gerenciamento de Res\u00edduos<\/h3><div class='special-heading-border'><div class='special-heading-inner-border' ><\/div><\/div><\/div><br \/>\n<div style=' margin-top:10px; margin-bottom:10px;'  class='hr hr-custom hr-left hr-icon-no  '><span class='hr-inner   inner-border-av-border-fat' style=' width:50px; border-color:#f47215;' ><span class='hr-inner-style'><\/span><\/span><\/div><br \/>\n<section class=\"av_textblock_section \"  itemscope=\"itemscope\" itemtype=\"https:\/\/schema.org\/CreativeWork\" ><div class='avia_textblock  '   itemprop=\"text\" ><p>Nossa empresa conta com mais de 15 anos de experi\u00eancia em gest\u00e3o completa de res\u00edduos industriais e da constru\u00e7\u00e3o civil.<\/p>\n<\/div><\/section><\/p><\/div><div class=\"flex_column av_one_third  av-animated-generic bottom-to-top  flex_column_div av-zero-column-padding first  \" style='border-radius:0px; '><p><div class='avia-image-container  av-styling-no-styling    avia-align-center '  itemscope=\"itemscope\" itemtype=\"https:\/\/schema.org\/ImageObject\"  ><div class='avia-image-container-inner'><a href='https:\/\/levatudo.com.br\/index.php\/servicos\/transporte-de-residuos\/' class='avia_image'  ><img class='avia_image ' src='https:\/\/levatudo.com.br\/wp-content\/uploads\/2021\/01\/8-300x114.png' alt='' title='8'  itemprop=\"thumbnailUrl\"  \/><\/a><\/div><\/div><br \/>\n<div style='padding-bottom:0px;' class='av-special-heading av-special-heading-h3  blockquote modern-quote   '><h3 class='av-special-heading-tag '  itemprop=\"headline\"  >Loca\u00e7\u00e3o de Equipamentos<\/h3><div class='special-heading-border'><div class='special-heading-inner-border' ><\/div><\/div><\/div><br \/>\n<div style=' margin-top:10px; margin-bottom:10px;'  class='hr hr-custom hr-left hr-icon-no  '><span class='hr-inner   inner-border-av-border-fat' style=' width:50px; border-color:#f47215;' ><span class='hr-inner-style'><\/span><\/span><\/div><br \/>\n<section class=\"av_textblock_section \"  itemscope=\"itemscope\" itemtype=\"https:\/\/schema.org\/CreativeWork\" ><div class='avia_textblock  '   itemprop=\"text\" ><p>A Leva Tudo Transportes oferece aos seus clientes os melhores equipamentos.<\/p>\n<\/div><\/section><\/p><\/div><div class=\"flex_column av_one_third  av-animated-generic bottom-to-top  flex_column_div av-zero-column-padding   \" style='border-radius:0px; '><p><div class='avia-image-container  av-styling-no-styling    avia-align-center '  itemscope=\"itemscope\" itemtype=\"https:\/\/schema.org\/ImageObject\"  ><div class='avia-image-container-inner'><a href='https:\/\/levatudo.com.br\/index.php\/servicos\/transporte-de-residuos\/' class='avia_image'  ><img class='avia_image ' src='https:\/\/levatudo.com.br\/wp-content\/uploads\/2021\/01\/15-300x114.png' alt='' title='15'  itemprop=\"thumbnailUrl\"  \/><\/a><\/div><\/div><br \/>\n<div style='padding-bottom:0px;' class='av-special-heading av-special-heading-h3  blockquote modern-quote   '><h3 class='av-special-heading-tag '  itemprop=\"headline\"  >Transporte de Res\u00edduos<\/h3><div class='special-heading-border'><div class='special-heading-inner-border' ><\/div><\/div><\/div><br \/>\n<div style=' margin-top:10px; margin-bottom:10px;'  class='hr hr-custom hr-left hr-icon-no  '><span class='hr-inner   inner-border-av-border-fat' style=' width:50px; border-color:#f47215;' ><span class='hr-inner-style'><\/span><\/span><\/div><br \/>\n<section class=\"av_textblock_section \"  itemscope=\"itemscope\" itemtype=\"https:\/\/schema.org\/CreativeWork\" ><div class='avia_textblock  '   itemprop=\"text\" ><p>Com mais de 15 anos de experi\u00eancia, atendemos atualmente mais de 150 empresas em todo Rio Grande do Sul.<\/p>\n<\/div><\/section><\/p><\/div>\n<\/div><\/div><\/div><!-- close content main div --><\/div><\/div><div id='after_section_4' class='main_color av_default_container_wrap container_wrap sidebar_right'   ><div class='container' ><div class='template-page content  av-content-small alpha units'><div class='post-entry post-entry-type-page post-entry-19'><div class='entry-content-wrapper clearfix'>\n","protected":false},"excerpt":{"rendered":"","protected":false},"author":1,"featured_media":0,"parent":0,"menu_order":0,"comment_status":"closed","ping_status":"closed","template":"","meta":{"footnotes":""},"class_list":["post-19","page","type-page","status-publish","hentry"],"_links":{"self":[{"href":"https:\/\/levatudo.com.br\/index.php\/wp-json\/wp\/v2\/pages\/19"}],"collection":[{"href":"https:\/\/levatudo.com.br\/index.php\/wp-json\/wp\/v2\/pages"}],"about":[{"href":"https:\/\/levatudo.com.br\/index.php\/wp-json\/wp\/v2\/types\/page"}],"author":[{"embeddable":true,"href":"https:\/\/levatudo.com.br\/index.php\/wp-json\/wp\/v2\/users\/1"}],"replies":[{"embeddable":true,"href":"https:\/\/levatudo.com.br\/index.php\/wp-json\/wp\/v2\/comments?post=19"}],"version-history":[{"count":17,"href":"https:\/\/levatudo.com.br\/index.php\/wp-json\/wp\/v2\/pages\/19\/revisions"}],"predecessor-version":[{"id":327,"href":"https:\/\/levatudo.com.br\/index.php\/wp-json\/wp\/v2\/pages\/19\/revisions\/327"}],"wp:attachment":[{"href":"https:\/\/levatudo.com.br\/index.php\/wp-json\/wp\/v2\/media?parent=19"}],"curies":[{"name":"wp","href":"https:\/\/api.w.org\/{rel}","templated":true}]}}