{"id":13,"date":"2015-10-15T13:48:39","date_gmt":"2015-10-15T13:48:39","guid":{"rendered":"http:\/\/wpoffice\/construction\/?page_id=2"},"modified":"2015-10-15T13:48:39","modified_gmt":"2015-10-15T13:48:39","slug":"projects","status":"publish","type":"page","link":"https:\/\/levatudo.com.br\/index.php\/projects\/","title":{"rendered":"Projects"},"content":{"rendered":"<div class='sort_width_container  av-sort-yes' data-portfolio-id='1' ><div id='js_sort_items' ><div class='sort_by_cat  '><a href=\"#\" data-filter=\"all_sort\" class=\"all_sort_button active_sort\"><span class=\"inner_sort_button\"><span>Todos<\/span><small class=\"av-cat-count\"> 5 <\/small><\/span><\/a><span class='text-sep architecture_sort_sep'>\/<\/span><a href=\"#\" data-filter=\"architecture_sort\" class=\"architecture_sort_button\" ><span class=\"inner_sort_button\"><span>Architecture<\/span><small class='av-cat-count'> 3 <\/small><\/span><\/a><span class='text-sep house_sort_sep'>\/<\/span><a href=\"#\" data-filter=\"house_sort\" class=\"house_sort_button\" ><span class=\"inner_sort_button\"><span>House<\/span><small class='av-cat-count'> 2 <\/small><\/span><\/a><span class='text-sep interior_sort_sep'>\/<\/span><a href=\"#\" data-filter=\"interior_sort\" class=\"interior_sort_button\" ><span class=\"inner_sort_button\"><span>Interior<\/span><small class='av-cat-count'> 2 <\/small><\/span><\/a><span class='text-sep large_sort_sep'>\/<\/span><a href=\"#\" data-filter=\"large_sort\" class=\"large_sort_button\" ><span class=\"inner_sort_button\"><span>Large<\/span><small class='av-cat-count'> 3 <\/small><\/span><\/a><span class='text-sep small_sort_sep'>\/<\/span><a href=\"#\" data-filter=\"small_sort\" class=\"small_sort_button\" ><span class=\"inner_sort_button\"><span>Small<\/span><small class='av-cat-count'> 2 <\/small><\/span><\/a><\/div><\/div><\/div><div class=' grid-sort-container isotope   no_margin-container with-excerpt-container grid-total-odd grid-col-1 grid-links-' data-portfolio-id='1'><div data-ajax-id='237' class=' grid-entry flex_column isotope-item all_sort no_margin post-entry post-entry-237 grid-entry-overview grid-loop-1 grid-parity-odd  interior_sort large_sort  av_fullwidth first special_av_fullwidth '><article class='main_color inner-entry'  itemscope=\"itemscope\" itemtype=\"https:\/\/schema.org\/CreativeWork\" ><div class='av_table_col first portfolio-entry grid-content'><header class=\"entry-content-header\"><h2 class='portfolio-grid-title entry-title'  itemprop=\"headline\" ><a href='https:\/\/levatudo.com.br\/index.php\/portfolio-item\/destinacao-final-de-residuos\/'>Destina\u00e7\u00e3o Final de Res\u00edduos<\/a><\/h2><\/header><div class='entry-content-wrapper'><div class='grid-entry-excerpt entry-content'  itemprop=\"text\" >Aenean leo ligula, porttitor eu, consequat vitae, eleifend ac, enim. Aliquam lore. <\/div><\/div><div class=\"avia-arrow\"><\/div><\/div><div class='av_table_col portfolio-grid-image'><a href='https:\/\/levatudo.com.br\/index.php\/portfolio-item\/destinacao-final-de-residuos\/' title='Destina\u00e7\u00e3o Final de Res\u00edduos'  data-rel='grid-1' class='grid-image avia-hover-fx'><img loading=\"lazy\" decoding=\"async\" width=\"1500\" height=\"630\" src=\"https:\/\/levatudo.com.br\/wp-content\/uploads\/2015\/10\/house-interior-1500x630.jpg\" class=\"attachment-featured_large size-featured_large wp-post-image\" alt=\"\" \/><\/a><\/div><footer class=\"entry-footer\"><\/footer><\/article><\/div><div data-ajax-id='236' class=' grid-entry flex_column isotope-item all_sort no_margin post-entry post-entry-236 grid-entry-overview grid-loop-2 grid-parity-even  interior_sort small_sort  av_fullwidth first special_av_fullwidth '><article class='main_color inner-entry'  itemscope=\"itemscope\" itemtype=\"https:\/\/schema.org\/CreativeWork\" ><div class='av_table_col first portfolio-entry grid-content'><header class=\"entry-content-header\"><h2 class='portfolio-grid-title entry-title'  itemprop=\"headline\" ><a href='https:\/\/levatudo.com.br\/index.php\/portfolio-item\/atendimento-a-emergencias-ambientais\/'>Atendimento \u00e0 Emerg\u00eancias Ambientais<\/a><\/h2><\/header><div class='entry-content-wrapper'><div class='grid-entry-excerpt entry-content'  itemprop=\"text\" >Aenean massa. Cum sociis natoque penatibus et magnis dis parturient montes, nascetur ridiculus mus. <\/div><\/div><div class=\"avia-arrow\"><\/div><\/div><div class='av_table_col portfolio-grid-image'><a href='https:\/\/levatudo.com.br\/index.php\/portfolio-item\/atendimento-a-emergencias-ambientais\/' title='Atendimento \u00e0 Emerg\u00eancias Ambientais'  data-rel='grid-1' class='grid-image avia-hover-fx'><img loading=\"lazy\" decoding=\"async\" width=\"1500\" height=\"630\" src=\"https:\/\/levatudo.com.br\/wp-content\/uploads\/2015\/10\/architect-handling-keys-to-a-couple-1500x630.jpg\" class=\"attachment-featured_large size-featured_large wp-post-image\" alt=\"\" \/><\/a><\/div><footer class=\"entry-footer\"><\/footer><\/article><\/div><div data-ajax-id='106' class=' grid-entry flex_column isotope-item all_sort no_margin post-entry post-entry-106 grid-entry-overview grid-loop-3 grid-parity-odd  architecture_sort large_sort  av_fullwidth first special_av_fullwidth '><article class='main_color inner-entry'  itemscope=\"itemscope\" itemtype=\"https:\/\/schema.org\/CreativeWork\" ><div class='av_table_col first portfolio-entry grid-content'><header class=\"entry-content-header\"><h2 class='portfolio-grid-title entry-title'  itemprop=\"headline\" ><a href='https:\/\/levatudo.com.br\/index.php\/portfolio-item\/gerenciamento-de-residuos\/'>Gerenciamento de Res\u00edduos<\/a><\/h2><\/header><div class='entry-content-wrapper'><div class='grid-entry-excerpt entry-content'  itemprop=\"text\" >Lorem ipsum dolor sit amet, consectetuer anis dis parturient montes, nascetur ridiculus mus.<\/div><\/div><div class=\"avia-arrow\"><\/div><\/div><div class='av_table_col portfolio-grid-image'><a href='https:\/\/levatudo.com.br\/index.php\/portfolio-item\/gerenciamento-de-residuos\/' title='Gerenciamento de Res\u00edduos'  data-rel='grid-1' class='grid-image avia-hover-fx'><img loading=\"lazy\" decoding=\"async\" width=\"1500\" height=\"630\" src=\"https:\/\/levatudo.com.br\/wp-content\/uploads\/2015\/10\/urban-development-1500x630.jpg\" class=\"attachment-featured_large size-featured_large wp-post-image\" alt=\"\" \/><\/a><\/div><footer class=\"entry-footer\"><\/footer><\/article><\/div><div data-ajax-id='105' class=' grid-entry flex_column isotope-item all_sort no_margin post-entry post-entry-105 grid-entry-overview grid-loop-4 grid-parity-even  architecture_sort house_sort large_sort  av_fullwidth first special_av_fullwidth '><article class='main_color inner-entry'  itemscope=\"itemscope\" itemtype=\"https:\/\/schema.org\/CreativeWork\" ><div class='av_table_col first portfolio-entry grid-content'><header class=\"entry-content-header\"><h2 class='portfolio-grid-title entry-title'  itemprop=\"headline\" ><a href='https:\/\/levatudo.com.br\/index.php\/portfolio-item\/locacao-de-equipamentos\/'>Loca\u00e7\u00e3o de Equipamentos<\/a><\/h2><\/header><div class='entry-content-wrapper'><div class='grid-entry-excerpt entry-content'  itemprop=\"text\" >Aenean massa. Cum sociis natoque penatibus et magnis dis parturiulla consequat massa quis enim.<\/div><\/div><div class=\"avia-arrow\"><\/div><\/div><div class='av_table_col portfolio-grid-image'><a href='https:\/\/levatudo.com.br\/index.php\/portfolio-item\/locacao-de-equipamentos\/' title='Loca\u00e7\u00e3o de Equipamentos'  data-rel='grid-1' class='grid-image avia-hover-fx'><img loading=\"lazy\" decoding=\"async\" width=\"1500\" height=\"630\" src=\"https:\/\/levatudo.com.br\/wp-content\/uploads\/2015\/10\/house-mansion-1500x630.jpg\" class=\"attachment-featured_large size-featured_large wp-post-image\" alt=\"\" \/><\/a><\/div><footer class=\"entry-footer\"><\/footer><\/article><\/div><div data-ajax-id='103' class=' grid-entry flex_column isotope-item all_sort no_margin post-entry post-entry-103 grid-entry-overview grid-loop-5 grid-parity-odd  post-entry-last  architecture_sort house_sort small_sort  av_fullwidth first special_av_fullwidth '><article class='main_color inner-entry'  itemscope=\"itemscope\" itemtype=\"https:\/\/schema.org\/CreativeWork\" ><div class='av_table_col first portfolio-entry grid-content'><header class=\"entry-content-header\"><h2 class='portfolio-grid-title entry-title'  itemprop=\"headline\" ><a href='https:\/\/levatudo.com.br\/index.php\/portfolio-item\/transporte-de-residuos\/'>Transporte de Res\u00edduos<\/a><\/h2><\/header><div class='entry-content-wrapper'><div class='grid-entry-excerpt entry-content'  itemprop=\"text\" >Aenean leo ligula, porttitor eu, consequat vitae, eleifend ac, enim. Aliquam lore. <\/div><\/div><div class=\"avia-arrow\"><\/div><\/div><div class='av_table_col portfolio-grid-image'><a href='https:\/\/levatudo.com.br\/index.php\/portfolio-item\/transporte-de-residuos\/' title='Transporte de Res\u00edduos'  data-rel='grid-1' class='grid-image avia-hover-fx'><img loading=\"lazy\" decoding=\"async\" width=\"1500\" height=\"630\" src=\"https:\/\/levatudo.com.br\/wp-content\/uploads\/2015\/10\/superb-backyard-1500x630.jpg\" class=\"attachment-featured_large size-featured_large wp-post-image\" alt=\"\" \/><\/a><\/div><footer class=\"entry-footer\"><\/footer><\/article><\/div><\/div>\n","protected":false},"excerpt":{"rendered":"","protected":false},"author":1,"featured_media":0,"parent":0,"menu_order":0,"comment_status":"closed","ping_status":"closed","template":"","meta":{"footnotes":""},"class_list":["post-13","page","type-page","status-publish","hentry"],"_links":{"self":[{"href":"https:\/\/levatudo.com.br\/index.php\/wp-json\/wp\/v2\/pages\/13"}],"collection":[{"href":"https:\/\/levatudo.com.br\/index.php\/wp-json\/wp\/v2\/pages"}],"about":[{"href":"https:\/\/levatudo.com.br\/index.php\/wp-json\/wp\/v2\/types\/page"}],"author":[{"embeddable":true,"href":"https:\/\/levatudo.com.br\/index.php\/wp-json\/wp\/v2\/users\/1"}],"replies":[{"embeddable":true,"href":"https:\/\/levatudo.com.br\/index.php\/wp-json\/wp\/v2\/comments?post=13"}],"version-history":[{"count":0,"href":"https:\/\/levatudo.com.br\/index.php\/wp-json\/wp\/v2\/pages\/13\/revisions"}],"wp:attachment":[{"href":"https:\/\/levatudo.com.br\/index.php\/wp-json\/wp\/v2\/media?parent=13"}],"curies":[{"name":"wp","href":"https:\/\/api.w.org\/{rel}","templated":true}]}}